{"id":363,"date":"2022-03-11T12:45:54","date_gmt":"2022-03-11T12:45:54","guid":{"rendered":"https:\/\/marinebiocare.com?page_id=363"},"modified":"2026-02-27T15:57:13","modified_gmt":"2026-02-27T15:57:13","slug":"info","status":"publish","type":"page","link":"https:\/\/marinebiocare.com\/en\/info\/","title":{"rendered":"Info"},"content":{"rendered":"<div data-elementor-type=\"wp-page\" data-elementor-id=\"363\" class=\"elementor elementor-363\" data-elementor-post-type=\"page\">\n\t\t\t\t\t\t<section class=\"elementor-section elementor-top-section elementor-element elementor-element-22841e6 elementor-section-boxed elementor-section-height-default elementor-section-height-default\" data-id=\"22841e6\" data-element_type=\"section\" data-e-type=\"section\">\n\t\t\t\t\t\t<div class=\"elementor-container elementor-column-gap-default\">\n\t\t\t\t\t<div class=\"elementor-column elementor-col-100 elementor-top-column elementor-element elementor-element-7da4e42\" data-id=\"7da4e42\" data-element_type=\"column\" data-e-type=\"column\">\n\t\t\t<div class=\"elementor-widget-wrap elementor-element-populated\">\n\t\t\t\t\t\t<div class=\"elementor-element elementor-element-3b7dc2c elementor-grid-1 elementor-posts--thumbnail-none elementor-grid-tablet-1 elementor-grid-mobile-1 elementor-widget elementor-widget-posts\" data-id=\"3b7dc2c\" data-element_type=\"widget\" data-e-type=\"widget\" data-settings=\"{&quot;classic_columns&quot;:&quot;1&quot;,&quot;classic_columns_tablet&quot;:&quot;1&quot;,&quot;classic_columns_mobile&quot;:&quot;1&quot;,&quot;classic_row_gap&quot;:{&quot;unit&quot;:&quot;px&quot;,&quot;size&quot;:35,&quot;sizes&quot;:[]},&quot;classic_row_gap_tablet&quot;:{&quot;unit&quot;:&quot;px&quot;,&quot;size&quot;:&quot;&quot;,&quot;sizes&quot;:[]},&quot;classic_row_gap_mobile&quot;:{&quot;unit&quot;:&quot;px&quot;,&quot;size&quot;:&quot;&quot;,&quot;sizes&quot;:[]}}\" data-widget_type=\"posts.classic\">\n\t\t\t\t<div class=\"elementor-widget-container\">\n\t\t\t\t\t\t\t<div class=\"elementor-posts-container elementor-posts elementor-posts--skin-classic elementor-grid\" role=\"list\">\n\t\t\t\t<article class=\"elementor-post elementor-grid-item post-1 post type-post status-publish format-standard hentry category-info\" role=\"listitem\">\n\t\t\t\t<div class=\"elementor-post__text\">\n\t\t\t\t<h3 class=\"elementor-post__title\">\n\t\t\t<a href=\"https:\/\/marinebiocare.com\/en\/beneficii-omega-3-pentru-adulti\/\" >\n\t\t\t\tBeneficii omega 3 pentru adulti\t\t\t<\/a>\n\t\t<\/h3>\n\t\t\t\t<div class=\"elementor-post__excerpt\">\n\t\t\t<p>Sunt mai multi acizi grasi esentiali de tip&nbsp;omega \u2013 3, iar dintre acestia&nbsp; acidul docosahexaenoic (DHA) si acidul eicosapentaenoic (EPA) sunt cei mai importanti si mai studiati in ultimii 25 de ani. Pana in prezent au fost publicate mai mult de 33000 de studii stiintifice care au pus in evidenta faptul ca aportul de EPA si DHA in cantitati suficiente este foarte important pentru sanatatea generala si starea de bine a organismului. De exemplu: Aportul suficient de&nbsp;DHA si EPA&nbsp;sustine sanatatea si buna functionare a inimii, creierului, ochilor, vaselor de sange, articulatiilor, dar si&nbsp; reglarea multor procese fiziologice in organism. Aportul suficient de DHA si EPA reduce riscul nasterilor inainte de termen Aportul suficient de&nbsp;DHA&nbsp;este important pentru formarea si dezvoltarea sarcinii si in special a creierului fatului.&nbsp; Cea mai mare cantitate de DHA se gaseste in creier si in retina. Simptomele deficientei de acizi grasi esentiali omega-3 Statisticile medicale recente arata ca peste 90% din populatie nu beneficiaza de un aport suficient de acizi grasi esentiali&nbsp;omega-3&nbsp;in dieta zilnica.&nbsp; Simptomele deficientei in acesti nutrienti sunt deseori confundate cu manifestarile clinice ale altor carente nutritive sau afectiuni. Semnele si simptomele pe care organismul le transmite cand nu primeste suficienti acizi grasi omega-3 sunt<\/p>\n\t\t<\/div>\n\t\t\n\t\t<a class=\"elementor-post__read-more\" href=\"https:\/\/marinebiocare.com\/en\/beneficii-omega-3-pentru-adulti\/\" aria-label=\"Read more about Beneficii omega 3 pentru adulti\" tabindex=\"-1\" >\n\t\t\tContinue reading \u00bb\t\t<\/a>\n\n\t\t\t\t<\/div>\n\t\t\t\t<\/article>\n\t\t\t\t<article class=\"elementor-post elementor-grid-item post-704 post type-post status-publish format-standard hentry category-info\" role=\"listitem\">\n\t\t\t\t<div class=\"elementor-post__text\">\n\t\t\t\t<h3 class=\"elementor-post__title\">\n\t\t\t<a href=\"https:\/\/marinebiocare.com\/en\/prospect-supliment-alimentar-omega-3-forte\/\" >\n\t\t\t\tProspect supliment alimentar OMEGA \u2013 3 FORTE\t\t\t<\/a>\n\t\t<\/h3>\n\t\t\t\t<div class=\"elementor-post__excerpt\">\n\t\t\t<p>Acizii grasi esentiali polinesaturati de tip omega \u2013 3 sunt substante foarte importante pentru buna dezvoltare si functionare a organismului uman, pe care acesta nu si le poate sintetiza si de aceea trebuie sa le primeasca zilnic din exterior prin hrana sau\/si suplimente alimentare.Acidul docosahexaenoic (DHA) si acidul eicosapentaenoic (EPA) sunt acizii grasi omega \u2013 3 cei mai importanti si mai studiati in ultimii 25 de ani.Sunt peste 3700 de studii clinice care au demonstrat intre altele ca:Aportul suficient de&nbsp;EPA si DHA&nbsp;sustine sanatatea si buna functionare a inimii, creierului, ochilor, vaselor de sange, articulatiilor, dar si&nbsp; reglarea multor procese fiziologice in organism. Cea mai mare cantitate de DHA se gaseste in retina si in creier Aportul suficient de DHA si EPA reduce riscul nasterilor inainte de termen&nbsp;&nbsp;Aportul suficient de&nbsp;DHA&nbsp;este important pentru formarea si dezvoltarea sarcinii si in special a creierului fatului. DHA este foarte important pentru dezvoltarea si functionarea creierului si ochilor la copiii mici si la adolescenti.&nbsp;Pentru o buna si corecta alimentare a organismului cu acizi grasi esentiali omega-3, ar trebui ca fiecare om sa consume macar de doua ori pe saptamana carne de peste gras proaspat, provenit din apele reci ale arcticii. Este aproape sigur ca asa ceva<\/p>\n\t\t<\/div>\n\t\t\n\t\t<a class=\"elementor-post__read-more\" href=\"https:\/\/marinebiocare.com\/en\/prospect-supliment-alimentar-omega-3-forte\/\" aria-label=\"Read more about Prospect supliment alimentar OMEGA \u2013 3 FORTE\" tabindex=\"-1\" >\n\t\t\tContinue reading \u00bb\t\t<\/a>\n\n\t\t\t\t<\/div>\n\t\t\t\t<\/article>\n\t\t\t\t<article class=\"elementor-post elementor-grid-item post-709 post type-post status-publish format-standard hentry category-info\" role=\"listitem\">\n\t\t\t\t<div class=\"elementor-post__text\">\n\t\t\t\t<h3 class=\"elementor-post__title\">\n\t\t\t<a href=\"https:\/\/marinebiocare.com\/en\/beneficii-omega-3-pentru-copii\/\" >\n\t\t\t\tBeneficii omega 3 pentru copii\t\t\t<\/a>\n\t\t<\/h3>\n\t\t\t\t<div class=\"elementor-post__excerpt\">\n\t\t\t<p>La copii, acizii grasi omega 3 (in primul rand DHA si in mai mica masura EPA) sunt esentiali pentru vederea buna, pentru dezvoltarea creierului, dar si pentru dezvoltarea cognitiva.&nbsp;Omega 3 poate fi un beneficiu in procesul de crestere al copiilor si vom argumenta in continuare acest lucru. Prima faza de dezvoltare a creierului uman se desfasoara de la nastere, pana la implinirea varstei de 2 ani. Insa chiar si la 2 ani, anumite zone din creier raman dezvoltate incomplet, iar procesul de dezvoltare continua pe perioada copilariei si chiar a adolescentei. La 6 luni, lobii frontali incep sa fie acoperiti de fibre nervoase cu mielina, proces ce continua pana in adolescenta. Pentru mielinizarea creierului, e nevoie de acizi grasi Omega 3 \u2013 DHA. Lobii frontali sunt responsabili pentru activitatile cognitive precum planificarea, rezolvarea problemelor si concentrarea atentiei.&nbsp; DHA (acizi grasi Omega 3) are un rol ridicat in performantele scolare ale copiilor Mai multe studii facute pe diferite loturi de copii, au aratat ca DHA are un rol important in ceea ce priveste performantele scolarilor(1), concluzionand ca un aport suficient de DHA in copilarie poate contribui la dezvoltarea acestor abilitati de natura cognitiva (2). DHA este principalul tip de&nbsp;Omega 3&nbsp;din materia<\/p>\n\t\t<\/div>\n\t\t\n\t\t<a class=\"elementor-post__read-more\" href=\"https:\/\/marinebiocare.com\/en\/beneficii-omega-3-pentru-copii\/\" aria-label=\"Read more about Beneficii omega 3 pentru copii\" tabindex=\"-1\" >\n\t\t\tContinue reading \u00bb\t\t<\/a>\n\n\t\t\t\t<\/div>\n\t\t\t\t<\/article>\n\t\t\t\t<article class=\"elementor-post elementor-grid-item post-714 post type-post status-publish format-standard hentry category-info\" role=\"listitem\">\n\t\t\t\t<div class=\"elementor-post__text\">\n\t\t\t\t<h3 class=\"elementor-post__title\">\n\t\t\t<a href=\"https:\/\/marinebiocare.com\/en\/cat-de-grava-este-lipsa-de-omega-3-din-organism\/\" >\n\t\t\t\tCat de grava este lipsa de Omega 3 din organism?\t\t\t<\/a>\n\t\t<\/h3>\n\t\t\t\t<div class=\"elementor-post__excerpt\">\n\t\t\t<p>Ce inseamna omega \u2013 3 si de ce sunt importante aceste produse? Omega \u2013 3 defineste cateva substante din clasa acizilor grasi esentiali. Termenul de \u201cesential\u201d se refera la substante foarte necesare organismului nostru pentru buna sa functionare si dezvoltare, substante pe care nu si le poate produce singur si pe care trebuie sa le primeasca din exterior prin alimente si\/sau suplimente alimentare. Cei mai importanti acisi grasi de tip&nbsp;omega \u2013 3&nbsp;sunt acidul docosahexaenoic (DHA) si acidul eicosapentaenoic (EPA), pentru ca ambii atat separat cat si impreuna intra in diferite structuri si influenteaza direct o serie de procese biochimice in organism. DHA&nbsp;se gaseste din abundenta in creier si in retina, avand un rol foarte important in formarea, dezvoltarea si buna functionare creierului si ochilor.&nbsp; Aportul suficient de DHA este important pentru formarea si dezvoltarea sarcinii si in special a creierului fatului.&nbsp; La fel de important este DHA pentru dezvoltarea si functionarea creierului si ochilor la copiii mici si la adolescenti.&nbsp; Foarte important: astfel de efecte se pot obtine NUMAI in conditiile unui aport zilnic de MINIM 250 mg DHA*.&nbsp; DHA si EPA impreuna influenteaza buna functionare a inimii si&nbsp; pot sa reduca nivelul \u201cgrasimilor rele\u201d (lipoproteine de joasa densitate \u2013<\/p>\n\t\t<\/div>\n\t\t\n\t\t<a class=\"elementor-post__read-more\" href=\"https:\/\/marinebiocare.com\/en\/cat-de-grava-este-lipsa-de-omega-3-din-organism\/\" aria-label=\"Read more about Cat de grava este lipsa de Omega 3 din organism?\" tabindex=\"-1\" >\n\t\t\tContinue reading \u00bb\t\t<\/a>\n\n\t\t\t\t<\/div>\n\t\t\t\t<\/article>\n\t\t\t\t<article class=\"elementor-post elementor-grid-item post-719 post type-post status-publish format-standard has-post-thumbnail hentry category-info\" role=\"listitem\">\n\t\t\t\t<div class=\"elementor-post__text\">\n\t\t\t\t<h3 class=\"elementor-post__title\">\n\t\t\t<a href=\"https:\/\/marinebiocare.com\/en\/de-ce-sa-alegi-un-supliment-alimentar-cu-omega-3\/\" >\n\t\t\t\tDE CE SA ALEGI UN SUPLIMENT ALIMENTAR CU OMEGA \u2013 3?\t\t\t<\/a>\n\t\t<\/h3>\n\t\t\t\t<div class=\"elementor-post__excerpt\">\n\t\t\t<p>Pentru o buna si corecta alimentare a organismului cu acizi grasi esentiali omega-3, ar trebui ca fiecare om sa consume macar de doua ori pe saptamana carne de peste gras proaspat, provenit din apele reci arctice. Este aproape sigur ca asa ceva se intampla doar in cateva regiuni de pe glob, ceea ce inseamna ca pentru cei mai multi locuitori ai planetei alimentatia este deficitara ca aport de&nbsp;omega-3.&nbsp; De aceea devine foarte important accesul la suplimente alimentare cu continut bogat de omega-3, care sa compenseze acest deficit. Oferta este foarte diversa si mai ales abundenta.&nbsp; De exemplu pe piata noastra sunt probabil peste 60 de astfel de produse. Nu este rau ca exista, fiecare poate fi util, dar apare o intrebare importanta:&nbsp; ALEGEREA SUPLIMENTULUI ALIMENTAR CU OMEGA \u2013 3 Decizia de cumparare este un proces subiectiv si unilateral, care trebuie respectat. &nbsp; Dar este important ca ea sa fie facuta in cit mai buna cunostinta de cauza.&nbsp; Un om mai bine informat este nu doar mai puternic, ci si mai sanatos. Iata&nbsp;4 informatii de baza&nbsp;pe care consumatorul ar trebui sa le aiba in vedere atunci cand vrea sa aleaga un astfel de produs, asa incat sa obtina cea mai buna<\/p>\n\t\t<\/div>\n\t\t\n\t\t<a class=\"elementor-post__read-more\" href=\"https:\/\/marinebiocare.com\/en\/de-ce-sa-alegi-un-supliment-alimentar-cu-omega-3\/\" aria-label=\"Read more about DE CE SA ALEGI UN SUPLIMENT ALIMENTAR CU OMEGA \u2013 3?\" tabindex=\"-1\" >\n\t\t\tContinue reading \u00bb\t\t<\/a>\n\n\t\t\t\t<\/div>\n\t\t\t\t<\/article>\n\t\t\t\t<\/div>\n\t\t\n\t\t\t\t\t\t<\/div>\n\t\t\t\t<\/div>\n\t\t<div class=\"elementor-element elementor-element-fbc504b e-grid e-con-boxed e-con e-parent\" data-id=\"fbc504b\" data-element_type=\"container\" data-e-type=\"container\">\n\t\t\t\t\t<div class=\"e-con-inner\">\n\t\t<div class=\"elementor-element elementor-element-690286a e-con-full e-flex e-con e-child\" data-id=\"690286a\" data-element_type=\"container\" data-e-type=\"container\">\n\t\t\t\t<div class=\"elementor-element elementor-element-7b09d81 elementor-flip-box--effect-fade elementor-widget elementor-widget-flip-box\" data-id=\"7b09d81\" data-element_type=\"widget\" data-e-type=\"widget\" data-widget_type=\"flip-box.default\">\n\t\t\t\t<div class=\"elementor-widget-container\">\n\t\t\t\t\t\t\t<div class=\"elementor-flip-box\" tabindex=\"0\">\n\t\t\t<div class=\"elementor-flip-box__layer elementor-flip-box__front\">\n\t\t\t\t<div class=\"elementor-flip-box__layer__overlay\">\n\t\t\t\t\t<div class=\"elementor-flip-box__layer__inner\">\n\t\t\t\t\t\t\n\t\t\t\t\t\t\t\t\t\t\t\t\t<h3 class=\"elementor-flip-box__layer__title\">\n\t\t\t\t\t\t\t\tBUY OMEGA-3 STRONG\t\t\t\t\t\t\t<\/h3>\n\t\t\t\t\t\t\n\t\t\t\t\t\t\t\t\t\t\t\t\t<div class=\"elementor-flip-box__layer__description\">\n\t\t\t\t\t\t\t\t<span style=\"font-weight:900\">60<\/span> capsules\n<br> \n<br> \ndrmax.ro\t\t\t\t\t\t\t<\/div>\n\t\t\t\t\t\t\t\t\t\t\t<\/div>\n\t\t\t\t<\/div>\n\t\t\t<\/div>\n\t\t\t<div class=\"elementor-flip-box__layer elementor-flip-box__back\">\n\t\t\t<div class=\"elementor-flip-box__layer__overlay\">\n\t\t\t\t<div class=\"elementor-flip-box__layer__inner\">\n\t\t\t\t\t\n\t\t\t\t\t\t\t\t\t\t\t<div class=\"elementor-flip-box__layer__description\">\n\t\t\t\t\t\t\twww.drmax.ro\t\t\t\t\t\t<\/div>\n\t\t\t\t\t\n\t\t\t\t\t\t\t\t\t\t\t<a class=\"elementor-flip-box__button elementor-button elementor-size-sm\" href=\"https:\/\/www.drmax.ro\/omega-3-forte-marine-biocare-60-capsule-phyto-biocare?utm_source=google&#038;utm_medium=cpc&#038;utm_campaign=%5BSUPPLEMENTS%5D%20Google_SS_All%20Products&#038;utm_id=22744421205&#038;gad_source=1&#038;gad_campaignid=22744421205&#038;gbraid=0AAAAACjOjq6L-X3cg5QlmBiN-SCKP8pAn&#038;gclid=CjwKCAiAnoXNBhAZEiwAnItcG6KuC7mDzxH95-P7kCHT5SShfoTBRHTX-ONqhRPINly_yQtUS3Xf2hoC2HIQAvD_BwE\" target=\"_blank\">\n\t\t\t\t\t\t\tBuy Omega-3\t\t\t\t\t\t<\/a>\n\t\t\t\t\t\t\t\t<\/div>\n\t\t<\/div>\n\t\t<\/div>\n\t\t<\/div>\n\t\t\t\t\t\t<\/div>\n\t\t\t\t<\/div>\n\t\t\t\t<\/div>\n\t\t<div class=\"elementor-element elementor-element-e85f344 e-con-full e-flex e-con e-child\" data-id=\"e85f344\" data-element_type=\"container\" data-e-type=\"container\">\n\t\t\t\t<div class=\"elementor-element elementor-element-b91300e elementor-flip-box--effect-fade elementor-widget elementor-widget-flip-box\" data-id=\"b91300e\" data-element_type=\"widget\" data-e-type=\"widget\" data-widget_type=\"flip-box.default\">\n\t\t\t\t<div class=\"elementor-widget-container\">\n\t\t\t\t\t\t\t<div class=\"elementor-flip-box\" tabindex=\"0\">\n\t\t\t<div class=\"elementor-flip-box__layer elementor-flip-box__front\">\n\t\t\t\t<div class=\"elementor-flip-box__layer__overlay\">\n\t\t\t\t\t<div class=\"elementor-flip-box__layer__inner\">\n\t\t\t\t\t\t\n\t\t\t\t\t\t\t\t\t\t\t\t\t<h3 class=\"elementor-flip-box__layer__title\">\n\t\t\t\t\t\t\t\tBUY OMEGA-3 STRONG\t\t\t\t\t\t\t<\/h3>\n\t\t\t\t\t\t\n\t\t\t\t\t\t\t\t\t\t\t\t\t<div class=\"elementor-flip-box__layer__description\">\n\t\t\t\t\t\t\t\t<span style=\"font-weight:900\">60<\/span> capsules\n<br> \n<br> \ncomenzi.farmaciatei.ro\t\t\t\t\t\t\t<\/div>\n\t\t\t\t\t\t\t\t\t\t\t<\/div>\n\t\t\t\t<\/div>\n\t\t\t<\/div>\n\t\t\t<div class=\"elementor-flip-box__layer elementor-flip-box__back\">\n\t\t\t<div class=\"elementor-flip-box__layer__overlay\">\n\t\t\t\t<div class=\"elementor-flip-box__layer__inner\">\n\t\t\t\t\t\n\t\t\t\t\t\t\t\t\t\t\t<div class=\"elementor-flip-box__layer__description\">\n\t\t\t\t\t\t\twww.comenzi.farmaciatei.ro\t\t\t\t\t\t<\/div>\n\t\t\t\t\t\n\t\t\t\t\t\t\t\t\t\t\t<a class=\"elementor-flip-box__button elementor-button elementor-size-sm\" href=\"https:\/\/comenzi.farmaciatei.ro\/vitamine-si-suplimente\/suplimente\/omega-3-forte-marine-biocare-epax-60-capsule-phyto-biocare-p346159\" target=\"_blank\">\n\t\t\t\t\t\t\tBuy Omega-3\t\t\t\t\t\t<\/a>\n\t\t\t\t\t\t\t\t<\/div>\n\t\t<\/div>\n\t\t<\/div>\n\t\t<\/div>\n\t\t\t\t\t\t<\/div>\n\t\t\t\t<\/div>\n\t\t\t\t<\/div>\n\t\t<div class=\"elementor-element elementor-element-bd4f676 e-con-full e-flex e-con e-child\" data-id=\"bd4f676\" data-element_type=\"container\" data-e-type=\"container\">\n\t\t\t\t<div class=\"elementor-element elementor-element-160291e elementor-flip-box--effect-fade elementor-widget elementor-widget-flip-box\" data-id=\"160291e\" data-element_type=\"widget\" data-e-type=\"widget\" data-widget_type=\"flip-box.default\">\n\t\t\t\t<div class=\"elementor-widget-container\">\n\t\t\t\t\t\t\t<div class=\"elementor-flip-box\" tabindex=\"0\">\n\t\t\t<div class=\"elementor-flip-box__layer elementor-flip-box__front\">\n\t\t\t\t<div class=\"elementor-flip-box__layer__overlay\">\n\t\t\t\t\t<div class=\"elementor-flip-box__layer__inner\">\n\t\t\t\t\t\t\n\t\t\t\t\t\t\t\t\t\t\t\t\t<h3 class=\"elementor-flip-box__layer__title\">\n\t\t\t\t\t\t\t\tBUY OMEGA-3 STRONG\t\t\t\t\t\t\t<\/h3>\n\t\t\t\t\t\t\n\t\t\t\t\t\t\t\t\t\t\t\t\t<div class=\"elementor-flip-box__layer__description\">\n\t\t\t\t\t\t\t\t<span style=\"font-weight:900\">60<\/span> capsules\n<br> \n<br> \ncomenzi.bebetei.ro\t\t\t\t\t\t\t<\/div>\n\t\t\t\t\t\t\t\t\t\t\t<\/div>\n\t\t\t\t<\/div>\n\t\t\t<\/div>\n\t\t\t<div class=\"elementor-flip-box__layer elementor-flip-box__back\">\n\t\t\t<div class=\"elementor-flip-box__layer__overlay\">\n\t\t\t\t<div class=\"elementor-flip-box__layer__inner\">\n\t\t\t\t\t\n\t\t\t\t\t\t\t\t\t\t\t<div class=\"elementor-flip-box__layer__description\">\n\t\t\t\t\t\t\twww.comenzi.bebetei.ro\t\t\t\t\t\t<\/div>\n\t\t\t\t\t\n\t\t\t\t\t\t\t\t\t\t\t<a class=\"elementor-flip-box__button elementor-button elementor-size-sm\" href=\"https:\/\/comenzi.bebetei.ro\/suplimente-alimentare-si-produse-naturiste\/suplimente-alimentare\/colesterol\/omega-3-forte-60-capsule-phyto-biocare-p364185\" target=\"_blank\">\n\t\t\t\t\t\t\tBuy Omega-3\t\t\t\t\t\t<\/a>\n\t\t\t\t\t\t\t\t<\/div>\n\t\t<\/div>\n\t\t<\/div>\n\t\t<\/div>\n\t\t\t\t\t\t<\/div>\n\t\t\t\t<\/div>\n\t\t\t\t<\/div>\n\t\t\t\t\t<\/div>\n\t\t\t\t<\/div>\n\t\t\t\t\t<\/div>\n\t\t<\/div>\n\t\t\t\t\t<\/div>\n\t\t<\/section>\n\t\t\t\t<\/div>","protected":false},"excerpt":{"rendered":"<p>CUMP\u0102R\u0102 OMEGA-3 FORTE 60 capsule drmax.ro www.drmax.ro Cump\u0103r\u0103 Omega-3 CUMP\u0102R\u0102 OMEGA-3 FORTE 60 capsule comenzi.farmaciatei.ro www.comenzi.farmaciatei.ro Cump\u0103r\u0103 Omega-3 CUMP\u0102R\u0102 OMEGA-3 FORTE 60 capsule comenzi.bebetei.ro www.comenzi.bebetei.ro Cump\u0103r\u0103 Omega-3<\/p>","protected":false},"author":1,"featured_media":0,"parent":0,"menu_order":0,"comment_status":"closed","ping_status":"closed","template":"elementor_header_footer","meta":{"footnotes":""},"class_list":["post-363","page","type-page","status-publish","hentry"],"yoast_head":"<!-- This site is optimized with the Yoast SEO plugin v27.4 - https:\/\/yoast.com\/product\/yoast-seo-wordpress\/ -->\n<title>Info - MarineBiocare<\/title>\n<meta name=\"robots\" content=\"index, follow, max-snippet:-1, max-image-preview:large, max-video-preview:-1\" \/>\n<link rel=\"canonical\" href=\"https:\/\/marinebiocare.com\/en\/info\/\" \/>\n<meta property=\"og:locale\" content=\"en_GB\" \/>\n<meta property=\"og:type\" content=\"article\" \/>\n<meta property=\"og:title\" content=\"Info - MarineBiocare\" \/>\n<meta property=\"og:description\" content=\"CUMP\u0102R\u0102 OMEGA-3 FORTE 60 capsule drmax.ro www.drmax.ro Cump\u0103r\u0103 Omega-3 CUMP\u0102R\u0102 OMEGA-3 FORTE 60 capsule comenzi.farmaciatei.ro www.comenzi.farmaciatei.ro Cump\u0103r\u0103 Omega-3 CUMP\u0102R\u0102 OMEGA-3 FORTE 60 capsule comenzi.bebetei.ro www.comenzi.bebetei.ro Cump\u0103r\u0103 Omega-3\" \/>\n<meta property=\"og:url\" content=\"https:\/\/marinebiocare.com\/en\/info\/\" \/>\n<meta property=\"og:site_name\" content=\"MarineBiocare\" \/>\n<meta property=\"article:modified_time\" content=\"2026-02-27T15:57:13+00:00\" \/>\n<meta name=\"twitter:card\" content=\"summary_large_image\" \/>\n<meta name=\"twitter:label1\" content=\"Estimated reading time\" \/>\n\t<meta name=\"twitter:data1\" content=\"4 minutes\" \/>\n<script type=\"application\/ld+json\" class=\"yoast-schema-graph\">{\"@context\":\"https:\\\/\\\/schema.org\",\"@graph\":[{\"@type\":\"WebPage\",\"@id\":\"https:\\\/\\\/marinebiocare.com\\\/info\\\/\",\"url\":\"https:\\\/\\\/marinebiocare.com\\\/info\\\/\",\"name\":\"Info - MarineBiocare\",\"isPartOf\":{\"@id\":\"https:\\\/\\\/marinebiocare.com\\\/#website\"},\"datePublished\":\"2022-03-11T12:45:54+00:00\",\"dateModified\":\"2026-02-27T15:57:13+00:00\",\"breadcrumb\":{\"@id\":\"https:\\\/\\\/marinebiocare.com\\\/info\\\/#breadcrumb\"},\"inLanguage\":\"en-GB\",\"potentialAction\":[{\"@type\":\"ReadAction\",\"target\":[\"https:\\\/\\\/marinebiocare.com\\\/info\\\/\"]}]},{\"@type\":\"BreadcrumbList\",\"@id\":\"https:\\\/\\\/marinebiocare.com\\\/info\\\/#breadcrumb\",\"itemListElement\":[{\"@type\":\"ListItem\",\"position\":1,\"name\":\"Prima pagin\u0103\",\"item\":\"https:\\\/\\\/marinebiocare.com\\\/\"},{\"@type\":\"ListItem\",\"position\":2,\"name\":\"Info\"}]},{\"@type\":\"WebSite\",\"@id\":\"https:\\\/\\\/marinebiocare.com\\\/#website\",\"url\":\"https:\\\/\\\/marinebiocare.com\\\/\",\"name\":\"MarineBiocare\",\"description\":\"Pastile cu ulei de pe\u0219te - Supliment alimentar cu Omega 3 forte\",\"publisher\":{\"@id\":\"https:\\\/\\\/marinebiocare.com\\\/#organization\"},\"potentialAction\":[{\"@type\":\"SearchAction\",\"target\":{\"@type\":\"EntryPoint\",\"urlTemplate\":\"https:\\\/\\\/marinebiocare.com\\\/?s={search_term_string}\"},\"query-input\":{\"@type\":\"PropertyValueSpecification\",\"valueRequired\":true,\"valueName\":\"search_term_string\"}}],\"inLanguage\":\"en-GB\"},{\"@type\":\"Organization\",\"@id\":\"https:\\\/\\\/marinebiocare.com\\\/#organization\",\"name\":\"MarineBiocare\",\"url\":\"https:\\\/\\\/marinebiocare.com\\\/\",\"logo\":{\"@type\":\"ImageObject\",\"inLanguage\":\"en-GB\",\"@id\":\"https:\\\/\\\/marinebiocare.com\\\/#\\\/schema\\\/logo\\\/image\\\/\",\"url\":\"https:\\\/\\\/marinebiocare.com\\\/wp-content\\\/uploads\\\/2022\\\/03\\\/logo_marine_biocare_blue.svg\",\"contentUrl\":\"https:\\\/\\\/marinebiocare.com\\\/wp-content\\\/uploads\\\/2022\\\/03\\\/logo_marine_biocare_blue.svg\",\"width\":500,\"height\":352,\"caption\":\"MarineBiocare\"},\"image\":{\"@id\":\"https:\\\/\\\/marinebiocare.com\\\/#\\\/schema\\\/logo\\\/image\\\/\"}}]}<\/script>\n<!-- \/ Yoast SEO plugin. -->","yoast_head_json":{"title":"Info - MarineBiocare","robots":{"index":"index","follow":"follow","max-snippet":"max-snippet:-1","max-image-preview":"max-image-preview:large","max-video-preview":"max-video-preview:-1"},"canonical":"https:\/\/marinebiocare.com\/en\/info\/","og_locale":"en_GB","og_type":"article","og_title":"Info - MarineBiocare","og_description":"CUMP\u0102R\u0102 OMEGA-3 FORTE 60 capsule drmax.ro www.drmax.ro Cump\u0103r\u0103 Omega-3 CUMP\u0102R\u0102 OMEGA-3 FORTE 60 capsule comenzi.farmaciatei.ro www.comenzi.farmaciatei.ro Cump\u0103r\u0103 Omega-3 CUMP\u0102R\u0102 OMEGA-3 FORTE 60 capsule comenzi.bebetei.ro www.comenzi.bebetei.ro Cump\u0103r\u0103 Omega-3","og_url":"https:\/\/marinebiocare.com\/en\/info\/","og_site_name":"MarineBiocare","article_modified_time":"2026-02-27T15:57:13+00:00","twitter_card":"summary_large_image","twitter_misc":{"Estimated reading time":"4 minutes"},"schema":{"@context":"https:\/\/schema.org","@graph":[{"@type":"WebPage","@id":"https:\/\/marinebiocare.com\/info\/","url":"https:\/\/marinebiocare.com\/info\/","name":"Info - MarineBiocare","isPartOf":{"@id":"https:\/\/marinebiocare.com\/#website"},"datePublished":"2022-03-11T12:45:54+00:00","dateModified":"2026-02-27T15:57:13+00:00","breadcrumb":{"@id":"https:\/\/marinebiocare.com\/info\/#breadcrumb"},"inLanguage":"en-GB","potentialAction":[{"@type":"ReadAction","target":["https:\/\/marinebiocare.com\/info\/"]}]},{"@type":"BreadcrumbList","@id":"https:\/\/marinebiocare.com\/info\/#breadcrumb","itemListElement":[{"@type":"ListItem","position":1,"name":"Prima pagin\u0103","item":"https:\/\/marinebiocare.com\/"},{"@type":"ListItem","position":2,"name":"Info"}]},{"@type":"WebSite","@id":"https:\/\/marinebiocare.com\/#website","url":"https:\/\/marinebiocare.com\/","name":"MarineBiocare","description":"Pastile cu ulei de pe\u0219te - Supliment alimentar cu Omega 3 forte","publisher":{"@id":"https:\/\/marinebiocare.com\/#organization"},"potentialAction":[{"@type":"SearchAction","target":{"@type":"EntryPoint","urlTemplate":"https:\/\/marinebiocare.com\/?s={search_term_string}"},"query-input":{"@type":"PropertyValueSpecification","valueRequired":true,"valueName":"search_term_string"}}],"inLanguage":"en-GB"},{"@type":"Organization","@id":"https:\/\/marinebiocare.com\/#organization","name":"MarineBiocare","url":"https:\/\/marinebiocare.com\/","logo":{"@type":"ImageObject","inLanguage":"en-GB","@id":"https:\/\/marinebiocare.com\/#\/schema\/logo\/image\/","url":"https:\/\/marinebiocare.com\/wp-content\/uploads\/2022\/03\/logo_marine_biocare_blue.svg","contentUrl":"https:\/\/marinebiocare.com\/wp-content\/uploads\/2022\/03\/logo_marine_biocare_blue.svg","width":500,"height":352,"caption":"MarineBiocare"},"image":{"@id":"https:\/\/marinebiocare.com\/#\/schema\/logo\/image\/"}}]}},"_links":{"self":[{"href":"https:\/\/marinebiocare.com\/en\/wp-json\/wp\/v2\/pages\/363","targetHints":{"allow":["GET"]}}],"collection":[{"href":"https:\/\/marinebiocare.com\/en\/wp-json\/wp\/v2\/pages"}],"about":[{"href":"https:\/\/marinebiocare.com\/en\/wp-json\/wp\/v2\/types\/page"}],"author":[{"embeddable":true,"href":"https:\/\/marinebiocare.com\/en\/wp-json\/wp\/v2\/users\/1"}],"replies":[{"embeddable":true,"href":"https:\/\/marinebiocare.com\/en\/wp-json\/wp\/v2\/comments?post=363"}],"version-history":[{"count":37,"href":"https:\/\/marinebiocare.com\/en\/wp-json\/wp\/v2\/pages\/363\/revisions"}],"predecessor-version":[{"id":1223,"href":"https:\/\/marinebiocare.com\/en\/wp-json\/wp\/v2\/pages\/363\/revisions\/1223"}],"wp:attachment":[{"href":"https:\/\/marinebiocare.com\/en\/wp-json\/wp\/v2\/media?parent=363"}],"curies":[{"name":"wp","href":"https:\/\/api.w.org\/{rel}","templated":true}]}}