{"id":352,"date":"2022-03-11T12:42:11","date_gmt":"2022-03-11T12:42:11","guid":{"rendered":"https:\/\/marinebiocare.com?page_id=352"},"modified":"2026-02-27T16:00:03","modified_gmt":"2026-02-27T16:00:03","slug":"despre-epax-ulei-peste-norvegian","status":"publish","type":"page","link":"https:\/\/marinebiocare.com\/en\/despre-epax-ulei-peste-norvegian\/","title":{"rendered":"Despre Epax Ulei Pe\u0219te Norvegian"},"content":{"rendered":"<div data-elementor-type=\"wp-page\" data-elementor-id=\"352\" class=\"elementor elementor-352\" data-elementor-post-type=\"page\">\n\t\t\t\t\t\t<section class=\"elementor-section elementor-top-section elementor-element elementor-element-f48bb53 elementor-section-boxed elementor-section-height-default elementor-section-height-default\" data-id=\"f48bb53\" data-element_type=\"section\" data-e-type=\"section\" data-settings=\"{&quot;background_background&quot;:&quot;classic&quot;}\">\n\t\t\t\t\t\t<div class=\"elementor-container elementor-column-gap-default\">\n\t\t\t\t\t<div class=\"elementor-column elementor-col-100 elementor-top-column elementor-element elementor-element-02df6b7\" data-id=\"02df6b7\" data-element_type=\"column\" data-e-type=\"column\">\n\t\t\t<div class=\"elementor-widget-wrap elementor-element-populated\">\n\t\t\t\t\t\t<div class=\"elementor-element elementor-element-25fa55a elementor-widget elementor-widget-image\" data-id=\"25fa55a\" data-element_type=\"widget\" data-e-type=\"widget\" data-widget_type=\"image.default\">\n\t\t\t\t<div class=\"elementor-widget-container\">\n\t\t\t\t\t\t\t\t\t\t\t\t\t\t\t<img decoding=\"async\" width=\"196\" height=\"46\" src=\"https:\/\/marinebiocare.com\/wp-content\/uploads\/2022\/03\/logo_epax.svg\" class=\"attachment-full size-full wp-image-671\" alt=\"\" \/>\t\t\t\t\t\t\t\t\t\t\t\t\t\t\t<\/div>\n\t\t\t\t<\/div>\n\t\t\t\t<div class=\"elementor-element elementor-element-a77f6d0 elementor-widget elementor-widget-spacer\" data-id=\"a77f6d0\" data-element_type=\"widget\" data-e-type=\"widget\" data-widget_type=\"spacer.default\">\n\t\t\t\t<div class=\"elementor-widget-container\">\n\t\t\t\t\t\t\t<div class=\"elementor-spacer\">\n\t\t\t<div class=\"elementor-spacer-inner\"><\/div>\n\t\t<\/div>\n\t\t\t\t\t\t<\/div>\n\t\t\t\t<\/div>\n\t\t\t\t<div class=\"elementor-element elementor-element-603fd7c elementor-widget elementor-widget-heading\" data-id=\"603fd7c\" data-element_type=\"widget\" data-e-type=\"widget\" data-widget_type=\"heading.default\">\n\t\t\t\t<div class=\"elementor-widget-container\">\n\t\t\t\t\t<h1 class=\"elementor-heading-title elementor-size-default\">ABOUT EPAX FISH OIL<\/h1>\t\t\t\t<\/div>\n\t\t\t\t<\/div>\n\t\t\t\t<div class=\"elementor-element elementor-element-956e12a elementor-widget elementor-widget-text-editor\" data-id=\"956e12a\" data-element_type=\"widget\" data-e-type=\"widget\" data-widget_type=\"text-editor.default\">\n\t\t\t\t<div class=\"elementor-widget-container\">\n\t\t\t\t\t\t\t\t\t<p>Epax is the world\u2019s leading fish oil brand and the absolute leader on the Norwegian market, famous for its very high degree of purity. Epax not only strictly adheres to international standards of quality and purity, but is recognized as the top leader in this field, due to the fact that it is guided by self-imposed standards, clearly superior to the standards agreed by international organizations in the field.<\/p><p>\u00a0<\/p><p>Norwegian company Epax AS has over 180 years of experience in the production of fish oil purified and concentrated in omega-3 essential fatty acids, extracted from marine fish from the cold Arctic waters, being the only manufacturer that can increase the concentration of omega-3 in fish oil up to 80%, with over 90% of omega-3 fatty acids in the natural form of triglycerides.<\/p><p>Epax is the guarantee of the quality and safety regarding fish oils.<\/p><p>\u00a0<\/p><p>More details about Epax on <a href=\"http:\/\/epax.com\" target=\"_blank\" rel=\"noopener\">epax.com<\/a><\/p><p>\u00a0<\/p><p>All Norwegian Epax fish oils are obtained by molecular distillation and comply with the requirements of the European and American Pharmacopoeia or GOED. In fact, Epax is one of the leaders of the international forum that regulates the global omega-3 market (Global Organization for EPA and DHA, namely GOED).<\/p>\t\t\t\t\t\t\t\t<\/div>\n\t\t\t\t<\/div>\n\t\t<div class=\"elementor-element elementor-element-c6d7d53 e-grid e-con-boxed e-con e-parent\" data-id=\"c6d7d53\" data-element_type=\"container\" data-e-type=\"container\">\n\t\t\t\t\t<div class=\"e-con-inner\">\n\t\t<div class=\"elementor-element elementor-element-f7d5100 e-con-full e-flex e-con e-child\" data-id=\"f7d5100\" data-element_type=\"container\" data-e-type=\"container\">\n\t\t\t\t<div class=\"elementor-element elementor-element-23c867e elementor-flip-box--effect-fade elementor-widget elementor-widget-flip-box\" data-id=\"23c867e\" data-element_type=\"widget\" data-e-type=\"widget\" data-widget_type=\"flip-box.default\">\n\t\t\t\t<div class=\"elementor-widget-container\">\n\t\t\t\t\t\t\t<div class=\"elementor-flip-box\" tabindex=\"0\">\n\t\t\t<div class=\"elementor-flip-box__layer elementor-flip-box__front\">\n\t\t\t\t<div class=\"elementor-flip-box__layer__overlay\">\n\t\t\t\t\t<div class=\"elementor-flip-box__layer__inner\">\n\t\t\t\t\t\t\n\t\t\t\t\t\t\t\t\t\t\t\t\t<h3 class=\"elementor-flip-box__layer__title\">\n\t\t\t\t\t\t\t\tBUY OMEGA-3 STRONG\t\t\t\t\t\t\t<\/h3>\n\t\t\t\t\t\t\n\t\t\t\t\t\t\t\t\t\t\t\t\t<div class=\"elementor-flip-box__layer__description\">\n\t\t\t\t\t\t\t\t<span style=\"font-weight:900\">60<\/span> capsules\n<br> \n<br> \ndrmax.ro\t\t\t\t\t\t\t<\/div>\n\t\t\t\t\t\t\t\t\t\t\t<\/div>\n\t\t\t\t<\/div>\n\t\t\t<\/div>\n\t\t\t<div class=\"elementor-flip-box__layer elementor-flip-box__back\">\n\t\t\t<div class=\"elementor-flip-box__layer__overlay\">\n\t\t\t\t<div class=\"elementor-flip-box__layer__inner\">\n\t\t\t\t\t\n\t\t\t\t\t\t\t\t\t\t\t<div class=\"elementor-flip-box__layer__description\">\n\t\t\t\t\t\t\twww.drmax.ro\t\t\t\t\t\t<\/div>\n\t\t\t\t\t\n\t\t\t\t\t\t\t\t\t\t\t<a class=\"elementor-flip-box__button elementor-button elementor-size-sm\" href=\"https:\/\/www.drmax.ro\/omega-3-forte-marine-biocare-60-capsule-phyto-biocare?utm_source=google&#038;utm_medium=cpc&#038;utm_campaign=%5BSUPPLEMENTS%5D%20Google_SS_All%20Products&#038;utm_id=22744421205&#038;gad_source=1&#038;gad_campaignid=22744421205&#038;gbraid=0AAAAACjOjq6L-X3cg5QlmBiN-SCKP8pAn&#038;gclid=CjwKCAiAnoXNBhAZEiwAnItcG6KuC7mDzxH95-P7kCHT5SShfoTBRHTX-ONqhRPINly_yQtUS3Xf2hoC2HIQAvD_BwE\" target=\"_blank\">\n\t\t\t\t\t\t\tBuy Omega-3\t\t\t\t\t\t<\/a>\n\t\t\t\t\t\t\t\t<\/div>\n\t\t<\/div>\n\t\t<\/div>\n\t\t<\/div>\n\t\t\t\t\t\t<\/div>\n\t\t\t\t<\/div>\n\t\t\t\t<\/div>\n\t\t<div class=\"elementor-element elementor-element-21a29b9 e-con-full e-flex e-con e-child\" data-id=\"21a29b9\" data-element_type=\"container\" data-e-type=\"container\">\n\t\t\t\t<div class=\"elementor-element elementor-element-2aaa6a2 elementor-flip-box--effect-fade elementor-widget elementor-widget-flip-box\" data-id=\"2aaa6a2\" data-element_type=\"widget\" data-e-type=\"widget\" data-widget_type=\"flip-box.default\">\n\t\t\t\t<div class=\"elementor-widget-container\">\n\t\t\t\t\t\t\t<div class=\"elementor-flip-box\" tabindex=\"0\">\n\t\t\t<div class=\"elementor-flip-box__layer elementor-flip-box__front\">\n\t\t\t\t<div class=\"elementor-flip-box__layer__overlay\">\n\t\t\t\t\t<div class=\"elementor-flip-box__layer__inner\">\n\t\t\t\t\t\t\n\t\t\t\t\t\t\t\t\t\t\t\t\t<h3 class=\"elementor-flip-box__layer__title\">\n\t\t\t\t\t\t\t\tBUY OMEGA-3 STRONG\t\t\t\t\t\t\t<\/h3>\n\t\t\t\t\t\t\n\t\t\t\t\t\t\t\t\t\t\t\t\t<div class=\"elementor-flip-box__layer__description\">\n\t\t\t\t\t\t\t\t<span style=\"font-weight:900\">60<\/span> capsules\n<br> \n<br> \ncomenzi.farmaciatei.ro\t\t\t\t\t\t\t<\/div>\n\t\t\t\t\t\t\t\t\t\t\t<\/div>\n\t\t\t\t<\/div>\n\t\t\t<\/div>\n\t\t\t<div class=\"elementor-flip-box__layer elementor-flip-box__back\">\n\t\t\t<div class=\"elementor-flip-box__layer__overlay\">\n\t\t\t\t<div class=\"elementor-flip-box__layer__inner\">\n\t\t\t\t\t\n\t\t\t\t\t\t\t\t\t\t\t<div class=\"elementor-flip-box__layer__description\">\n\t\t\t\t\t\t\twww.comenzi.farmaciatei.ro\t\t\t\t\t\t<\/div>\n\t\t\t\t\t\n\t\t\t\t\t\t\t\t\t\t\t<a class=\"elementor-flip-box__button elementor-button elementor-size-sm\" href=\"https:\/\/comenzi.farmaciatei.ro\/vitamine-si-suplimente\/suplimente\/omega-3-forte-marine-biocare-epax-60-capsule-phyto-biocare-p346159\" target=\"_blank\">\n\t\t\t\t\t\t\tBuy Omega-3\t\t\t\t\t\t<\/a>\n\t\t\t\t\t\t\t\t<\/div>\n\t\t<\/div>\n\t\t<\/div>\n\t\t<\/div>\n\t\t\t\t\t\t<\/div>\n\t\t\t\t<\/div>\n\t\t\t\t<\/div>\n\t\t<div class=\"elementor-element elementor-element-68639ad e-con-full e-flex e-con e-child\" data-id=\"68639ad\" data-element_type=\"container\" data-e-type=\"container\">\n\t\t\t\t<div class=\"elementor-element elementor-element-6a664b6 elementor-flip-box--effect-fade elementor-widget elementor-widget-flip-box\" data-id=\"6a664b6\" data-element_type=\"widget\" data-e-type=\"widget\" data-widget_type=\"flip-box.default\">\n\t\t\t\t<div class=\"elementor-widget-container\">\n\t\t\t\t\t\t\t<div class=\"elementor-flip-box\" tabindex=\"0\">\n\t\t\t<div class=\"elementor-flip-box__layer elementor-flip-box__front\">\n\t\t\t\t<div class=\"elementor-flip-box__layer__overlay\">\n\t\t\t\t\t<div class=\"elementor-flip-box__layer__inner\">\n\t\t\t\t\t\t\n\t\t\t\t\t\t\t\t\t\t\t\t\t<h3 class=\"elementor-flip-box__layer__title\">\n\t\t\t\t\t\t\t\tBUY OMEGA-3 STRONG\t\t\t\t\t\t\t<\/h3>\n\t\t\t\t\t\t\n\t\t\t\t\t\t\t\t\t\t\t\t\t<div class=\"elementor-flip-box__layer__description\">\n\t\t\t\t\t\t\t\t<span style=\"font-weight:900\">60<\/span> capsules\n<br> \n<br> \ncomenzi.bebetei.ro\t\t\t\t\t\t\t<\/div>\n\t\t\t\t\t\t\t\t\t\t\t<\/div>\n\t\t\t\t<\/div>\n\t\t\t<\/div>\n\t\t\t<div class=\"elementor-flip-box__layer elementor-flip-box__back\">\n\t\t\t<div class=\"elementor-flip-box__layer__overlay\">\n\t\t\t\t<div class=\"elementor-flip-box__layer__inner\">\n\t\t\t\t\t\n\t\t\t\t\t\t\t\t\t\t\t<div class=\"elementor-flip-box__layer__description\">\n\t\t\t\t\t\t\twww.comenzi.bebetei.ro\t\t\t\t\t\t<\/div>\n\t\t\t\t\t\n\t\t\t\t\t\t\t\t\t\t\t<a class=\"elementor-flip-box__button elementor-button elementor-size-sm\" href=\"https:\/\/comenzi.bebetei.ro\/suplimente-alimentare-si-produse-naturiste\/suplimente-alimentare\/colesterol\/omega-3-forte-60-capsule-phyto-biocare-p364185\" target=\"_blank\">\n\t\t\t\t\t\t\tBuy Omega-3\t\t\t\t\t\t<\/a>\n\t\t\t\t\t\t\t\t<\/div>\n\t\t<\/div>\n\t\t<\/div>\n\t\t<\/div>\n\t\t\t\t\t\t<\/div>\n\t\t\t\t<\/div>\n\t\t\t\t<\/div>\n\t\t\t\t\t<\/div>\n\t\t\t\t<\/div>\n\t\t\t\t<div class=\"elementor-element elementor-element-05d73a8 elementor-widget elementor-widget-text-editor\" data-id=\"05d73a8\" data-element_type=\"widget\" data-e-type=\"widget\" data-no-translation=\"\" data-widget_type=\"text-editor.default\">\n\t\t\t\t<div class=\"elementor-widget-container\">\n\t\t\t\t\t<style>.elementor-element-05d73a8{display:none !important}<\/style>\t\t\t\t<\/div>\n\t\t\t\t<\/div>\n\t\t\t\t\t<\/div>\n\t\t<\/div>\n\t\t\t\t\t<\/div>\n\t\t<\/section>\n\t\t\t\t<\/div>","protected":false},"excerpt":{"rendered":"<p>DESPRE ULEIUL EPAX Epax este brandul de ulei de pe\u0219te lider mondial \u0219i lider absolut pe pia\u021ba norvegian\u0103, renumit pentru gradul foarte mare de puritate. Epax nu doar c\u0103 respect\u0103 strict standardele interna\u021bionale de calitate \u0219i puritate, dar este recunoscut ca lider deta\u0219at \u00een acest domeniu, datorit\u0103 faptului c\u0103 se ghideaz\u0103 dup\u0103 standarde autoimpuse, net [&hellip;]<\/p>\n","protected":false},"author":1,"featured_media":0,"parent":0,"menu_order":0,"comment_status":"closed","ping_status":"closed","template":"elementor_header_footer","meta":{"footnotes":""},"class_list":["post-352","page","type-page","status-publish","hentry"],"yoast_head":"<!-- This site is optimized with the Yoast SEO plugin v27.6 - https:\/\/yoast.com\/product\/yoast-seo-wordpress\/ -->\n<title>Despre Epax Ulei Pe\u0219te Norvegian - MarineBiocare<\/title>\n<meta name=\"robots\" content=\"index, follow, max-snippet:-1, max-image-preview:large, max-video-preview:-1\" \/>\n<link rel=\"canonical\" href=\"https:\/\/marinebiocare.com\/en\/despre-epax-ulei-peste-norvegian\/\" \/>\n<meta property=\"og:locale\" content=\"en_GB\" \/>\n<meta property=\"og:type\" content=\"article\" \/>\n<meta property=\"og:title\" content=\"Despre Epax Ulei Pe\u0219te Norvegian - MarineBiocare\" \/>\n<meta property=\"og:description\" content=\"DESPRE ULEIUL EPAX Epax este brandul de ulei de pe\u0219te lider mondial \u0219i lider absolut pe pia\u021ba norvegian\u0103, renumit pentru gradul foarte mare de puritate. Epax nu doar c\u0103 respect\u0103 strict standardele interna\u021bionale de calitate \u0219i puritate, dar este recunoscut ca lider deta\u0219at \u00een acest domeniu, datorit\u0103 faptului c\u0103 se ghideaz\u0103 dup\u0103 standarde autoimpuse, net [&hellip;]\" \/>\n<meta property=\"og:url\" content=\"https:\/\/marinebiocare.com\/en\/despre-epax-ulei-peste-norvegian\/\" \/>\n<meta property=\"og:site_name\" content=\"MarineBiocare\" \/>\n<meta property=\"article:modified_time\" content=\"2026-02-27T16:00:03+00:00\" \/>\n<meta name=\"twitter:card\" content=\"summary_large_image\" \/>\n<meta name=\"twitter:label1\" content=\"Estimated reading time\" \/>\n\t<meta name=\"twitter:data1\" content=\"2 minutes\" \/>\n<script type=\"application\/ld+json\" class=\"yoast-schema-graph\">{\"@context\":\"https:\\\/\\\/schema.org\",\"@graph\":[{\"@type\":\"WebPage\",\"@id\":\"https:\\\/\\\/marinebiocare.com\\\/despre-epax-ulei-peste-norvegian\\\/\",\"url\":\"https:\\\/\\\/marinebiocare.com\\\/despre-epax-ulei-peste-norvegian\\\/\",\"name\":\"Despre Epax Ulei Pe\u0219te Norvegian - MarineBiocare\",\"isPartOf\":{\"@id\":\"https:\\\/\\\/marinebiocare.com\\\/#website\"},\"primaryImageOfPage\":{\"@id\":\"https:\\\/\\\/marinebiocare.com\\\/despre-epax-ulei-peste-norvegian\\\/#primaryimage\"},\"image\":{\"@id\":\"https:\\\/\\\/marinebiocare.com\\\/despre-epax-ulei-peste-norvegian\\\/#primaryimage\"},\"thumbnailUrl\":\"https:\\\/\\\/marinebiocare.com\\\/wp-content\\\/uploads\\\/2022\\\/03\\\/logo_epax.svg\",\"datePublished\":\"2022-03-11T12:42:11+00:00\",\"dateModified\":\"2026-02-27T16:00:03+00:00\",\"breadcrumb\":{\"@id\":\"https:\\\/\\\/marinebiocare.com\\\/despre-epax-ulei-peste-norvegian\\\/#breadcrumb\"},\"inLanguage\":\"en-GB\",\"potentialAction\":[{\"@type\":\"ReadAction\",\"target\":[\"https:\\\/\\\/marinebiocare.com\\\/despre-epax-ulei-peste-norvegian\\\/\"]}]},{\"@type\":\"ImageObject\",\"inLanguage\":\"en-GB\",\"@id\":\"https:\\\/\\\/marinebiocare.com\\\/despre-epax-ulei-peste-norvegian\\\/#primaryimage\",\"url\":\"https:\\\/\\\/marinebiocare.com\\\/wp-content\\\/uploads\\\/2022\\\/03\\\/logo_epax.svg\",\"contentUrl\":\"https:\\\/\\\/marinebiocare.com\\\/wp-content\\\/uploads\\\/2022\\\/03\\\/logo_epax.svg\"},{\"@type\":\"BreadcrumbList\",\"@id\":\"https:\\\/\\\/marinebiocare.com\\\/despre-epax-ulei-peste-norvegian\\\/#breadcrumb\",\"itemListElement\":[{\"@type\":\"ListItem\",\"position\":1,\"name\":\"Prima pagin\u0103\",\"item\":\"https:\\\/\\\/marinebiocare.com\\\/\"},{\"@type\":\"ListItem\",\"position\":2,\"name\":\"Despre Epax Ulei Pe\u0219te Norvegian\"}]},{\"@type\":\"WebSite\",\"@id\":\"https:\\\/\\\/marinebiocare.com\\\/#website\",\"url\":\"https:\\\/\\\/marinebiocare.com\\\/\",\"name\":\"MarineBiocare\",\"description\":\"Pastile cu ulei de pe\u0219te - Supliment alimentar cu Omega 3 forte\",\"publisher\":{\"@id\":\"https:\\\/\\\/marinebiocare.com\\\/#organization\"},\"potentialAction\":[{\"@type\":\"SearchAction\",\"target\":{\"@type\":\"EntryPoint\",\"urlTemplate\":\"https:\\\/\\\/marinebiocare.com\\\/?s={search_term_string}\"},\"query-input\":{\"@type\":\"PropertyValueSpecification\",\"valueRequired\":true,\"valueName\":\"search_term_string\"}}],\"inLanguage\":\"en-GB\"},{\"@type\":\"Organization\",\"@id\":\"https:\\\/\\\/marinebiocare.com\\\/#organization\",\"name\":\"MarineBiocare\",\"url\":\"https:\\\/\\\/marinebiocare.com\\\/\",\"logo\":{\"@type\":\"ImageObject\",\"inLanguage\":\"en-GB\",\"@id\":\"https:\\\/\\\/marinebiocare.com\\\/#\\\/schema\\\/logo\\\/image\\\/\",\"url\":\"https:\\\/\\\/marinebiocare.com\\\/wp-content\\\/uploads\\\/2022\\\/03\\\/logo_marine_biocare_blue.svg\",\"contentUrl\":\"https:\\\/\\\/marinebiocare.com\\\/wp-content\\\/uploads\\\/2022\\\/03\\\/logo_marine_biocare_blue.svg\",\"width\":500,\"height\":352,\"caption\":\"MarineBiocare\"},\"image\":{\"@id\":\"https:\\\/\\\/marinebiocare.com\\\/#\\\/schema\\\/logo\\\/image\\\/\"}}]}<\/script>\n<!-- \/ Yoast SEO plugin. -->","yoast_head_json":{"title":"Despre Epax Ulei Pe\u0219te Norvegian - MarineBiocare","robots":{"index":"index","follow":"follow","max-snippet":"max-snippet:-1","max-image-preview":"max-image-preview:large","max-video-preview":"max-video-preview:-1"},"canonical":"https:\/\/marinebiocare.com\/en\/despre-epax-ulei-peste-norvegian\/","og_locale":"en_GB","og_type":"article","og_title":"Despre Epax Ulei Pe\u0219te Norvegian - MarineBiocare","og_description":"DESPRE ULEIUL EPAX Epax este brandul de ulei de pe\u0219te lider mondial \u0219i lider absolut pe pia\u021ba norvegian\u0103, renumit pentru gradul foarte mare de puritate. Epax nu doar c\u0103 respect\u0103 strict standardele interna\u021bionale de calitate \u0219i puritate, dar este recunoscut ca lider deta\u0219at \u00een acest domeniu, datorit\u0103 faptului c\u0103 se ghideaz\u0103 dup\u0103 standarde autoimpuse, net [&hellip;]","og_url":"https:\/\/marinebiocare.com\/en\/despre-epax-ulei-peste-norvegian\/","og_site_name":"MarineBiocare","article_modified_time":"2026-02-27T16:00:03+00:00","twitter_card":"summary_large_image","twitter_misc":{"Estimated reading time":"2 minutes"},"schema":{"@context":"https:\/\/schema.org","@graph":[{"@type":"WebPage","@id":"https:\/\/marinebiocare.com\/despre-epax-ulei-peste-norvegian\/","url":"https:\/\/marinebiocare.com\/despre-epax-ulei-peste-norvegian\/","name":"Despre Epax Ulei Pe\u0219te Norvegian - MarineBiocare","isPartOf":{"@id":"https:\/\/marinebiocare.com\/#website"},"primaryImageOfPage":{"@id":"https:\/\/marinebiocare.com\/despre-epax-ulei-peste-norvegian\/#primaryimage"},"image":{"@id":"https:\/\/marinebiocare.com\/despre-epax-ulei-peste-norvegian\/#primaryimage"},"thumbnailUrl":"https:\/\/marinebiocare.com\/wp-content\/uploads\/2022\/03\/logo_epax.svg","datePublished":"2022-03-11T12:42:11+00:00","dateModified":"2026-02-27T16:00:03+00:00","breadcrumb":{"@id":"https:\/\/marinebiocare.com\/despre-epax-ulei-peste-norvegian\/#breadcrumb"},"inLanguage":"en-GB","potentialAction":[{"@type":"ReadAction","target":["https:\/\/marinebiocare.com\/despre-epax-ulei-peste-norvegian\/"]}]},{"@type":"ImageObject","inLanguage":"en-GB","@id":"https:\/\/marinebiocare.com\/despre-epax-ulei-peste-norvegian\/#primaryimage","url":"https:\/\/marinebiocare.com\/wp-content\/uploads\/2022\/03\/logo_epax.svg","contentUrl":"https:\/\/marinebiocare.com\/wp-content\/uploads\/2022\/03\/logo_epax.svg"},{"@type":"BreadcrumbList","@id":"https:\/\/marinebiocare.com\/despre-epax-ulei-peste-norvegian\/#breadcrumb","itemListElement":[{"@type":"ListItem","position":1,"name":"Prima pagin\u0103","item":"https:\/\/marinebiocare.com\/"},{"@type":"ListItem","position":2,"name":"Despre Epax Ulei Pe\u0219te Norvegian"}]},{"@type":"WebSite","@id":"https:\/\/marinebiocare.com\/#website","url":"https:\/\/marinebiocare.com\/","name":"MarineBiocare","description":"Pastile cu ulei de pe\u0219te - Supliment alimentar cu Omega 3 forte","publisher":{"@id":"https:\/\/marinebiocare.com\/#organization"},"potentialAction":[{"@type":"SearchAction","target":{"@type":"EntryPoint","urlTemplate":"https:\/\/marinebiocare.com\/?s={search_term_string}"},"query-input":{"@type":"PropertyValueSpecification","valueRequired":true,"valueName":"search_term_string"}}],"inLanguage":"en-GB"},{"@type":"Organization","@id":"https:\/\/marinebiocare.com\/#organization","name":"MarineBiocare","url":"https:\/\/marinebiocare.com\/","logo":{"@type":"ImageObject","inLanguage":"en-GB","@id":"https:\/\/marinebiocare.com\/#\/schema\/logo\/image\/","url":"https:\/\/marinebiocare.com\/wp-content\/uploads\/2022\/03\/logo_marine_biocare_blue.svg","contentUrl":"https:\/\/marinebiocare.com\/wp-content\/uploads\/2022\/03\/logo_marine_biocare_blue.svg","width":500,"height":352,"caption":"MarineBiocare"},"image":{"@id":"https:\/\/marinebiocare.com\/#\/schema\/logo\/image\/"}}]}},"_links":{"self":[{"href":"https:\/\/marinebiocare.com\/en\/wp-json\/wp\/v2\/pages\/352","targetHints":{"allow":["GET"]}}],"collection":[{"href":"https:\/\/marinebiocare.com\/en\/wp-json\/wp\/v2\/pages"}],"about":[{"href":"https:\/\/marinebiocare.com\/en\/wp-json\/wp\/v2\/types\/page"}],"author":[{"embeddable":true,"href":"https:\/\/marinebiocare.com\/en\/wp-json\/wp\/v2\/users\/1"}],"replies":[{"embeddable":true,"href":"https:\/\/marinebiocare.com\/en\/wp-json\/wp\/v2\/comments?post=352"}],"version-history":[{"count":22,"href":"https:\/\/marinebiocare.com\/en\/wp-json\/wp\/v2\/pages\/352\/revisions"}],"predecessor-version":[{"id":1229,"href":"https:\/\/marinebiocare.com\/en\/wp-json\/wp\/v2\/pages\/352\/revisions\/1229"}],"wp:attachment":[{"href":"https:\/\/marinebiocare.com\/en\/wp-json\/wp\/v2\/media?parent=352"}],"curies":[{"name":"wp","href":"https:\/\/api.w.org\/{rel}","templated":true}]}}